{"id":20892,"date":"2023-03-17T12:06:31","date_gmt":"2023-03-17T12:06:31","guid":{"rendered":"http:\/\/www.quartztransfer.com\/?post_type=product&#038;p=20892"},"modified":"2023-03-29T09:24:58","modified_gmt":"2023-03-29T09:24:58","slug":"offset-transfer","status":"publish","type":"product","link":"https:\/\/www.quartztransfer.com\/en\/product\/offset-transfer\/","title":{"rendered":"OFFSET&#038;PHOTOPRINT TRANSFER"},"content":{"rendered":"","protected":false},"excerpt":{"rendered":"<p>\u0130t provides print on the material as paper or paper-like up to a certain amount.\u0130t is the most preferred system to increase the product attraction and add movement to the textile products.\u0130t is used to get blue, red, yellow, black, and other colors. The printing paper used passes through these color units. \u0130t has washable at 40 degrees Celsius. \u0130t can apply on ass paper or polyester film.<\/p>\n<h6><\/h6>\n<ul>\n<li>\n<h6><a href=\"http:\/\/www.quartztransfer.com\/renkli-transfer\/\">Offset Reflector Printing<\/a><\/h6>\n<\/li>\n<li>\n<h6><a href=\"http:\/\/www.quartztransfer.com\/simli-baski\/\">Silvery Printing<\/a><\/h6>\n<\/li>\n<li>\n<h6><a href=\"http:\/\/www.quartztransfer.com\/film-baski\/\">Polyester Film\/Paper Film Printing Types<\/a><\/h6>\n<\/li>\n<\/ul>\n","protected":false},"featured_media":22204,"comment_status":"closed","ping_status":"closed","template":"","meta":[],"product_cat":[206],"product_tag":[],"_links":{"self":[{"href":"https:\/\/www.quartztransfer.com\/en\/wp-json\/wp\/v2\/product\/20892"}],"collection":[{"href":"https:\/\/www.quartztransfer.com\/en\/wp-json\/wp\/v2\/product"}],"about":[{"href":"https:\/\/www.quartztransfer.com\/en\/wp-json\/wp\/v2\/types\/product"}],"replies":[{"embeddable":true,"href":"https:\/\/www.quartztransfer.com\/en\/wp-json\/wp\/v2\/comments?post=20892"}],"wp:featuredmedia":[{"embeddable":true,"href":"https:\/\/www.quartztransfer.com\/en\/wp-json\/wp\/v2\/media\/22204"}],"wp:attachment":[{"href":"https:\/\/www.quartztransfer.com\/en\/wp-json\/wp\/v2\/media?parent=20892"}],"wp:term":[{"taxonomy":"product_cat","embeddable":true,"href":"https:\/\/www.quartztransfer.com\/en\/wp-json\/wp\/v2\/product_cat?post=20892"},{"taxonomy":"product_tag","embeddable":true,"href":"https:\/\/www.quartztransfer.com\/en\/wp-json\/wp\/v2\/product_tag?post=20892"}],"curies":[{"name":"wp","href":"https:\/\/api.w.org\/{rel}","templated":true}]}}